{"id":544,"date":"2010-02-11T11:46:44","date_gmt":"2010-02-11T10:46:44","guid":{"rendered":"http:\/\/www.sitaweb.nl\/cms\/?page_id=544"},"modified":"2016-03-08T18:57:37","modified_gmt":"2016-03-08T17:57:37","slug":"rien-a-perdre","status":"publish","type":"page","link":"http:\/\/www.sitaweb.nl\/index.php\/sita\/muziek\/albums\/lenvers-du-decor\/rien-a-perdre\/","title":{"rendered":"Rien \u00c0 perdre"},"content":{"rendered":"<div id=\"dslc-theme-content\"><div id=\"dslc-theme-content-inner\"><p>Toucher du bout des yeux l'\u00e9clat de ta lumi\u00e8re,<br \/>\nEt trouver les mots entre mes l\u00e8vres en fait<br \/>\nNe faire partie qu'un seul jour de ton univers,<br \/>\nEt loin dans un songe j'ai su le faire en fait.<\/p>\n<p>Lass\u00e9e d'endurer la m\u00eame sc\u00e8ne<br \/>\nEn restant fig\u00e9e quand m\u00eame.<\/p>\n<p>Pourtant je n'ai rien \u00e0 perdre,<br \/>\nSauf peut \u00eatre un peu de toi dans mon sommeil<br \/>\nEt le dernier doute que je me laisse,<br \/>\nTu vois c'est tout ce qu'il me reste.<\/p>\n<p>Tourner la roue du monde, en inverser le sens,<br \/>\nEt combler l'espace, arr\u00e9ter le temps qui passe.<br \/>\nDevient alors le miroir, l'\u00e9cho de mes sens<br \/>\nEt donne moi l'espoir et j'aurais confiance en fait.<\/p>\n<p>Lass\u00e9e d'endurer la m\u00eame sc\u00e8ne<br \/>\nEn restant fig\u00e9e quand m\u00eame.<\/p>\n<p>Pourtant je n'ai rien \u00e0 perdre,<br \/>\nSauf peut \u00eatre un peu de toi dans mon sommeil<br \/>\nEt le dernier doute que je me laisse,<br \/>\nTu vois c'est tout ce qu'il me reste<\/p>\n<\/div><\/div>","protected":false},"excerpt":{"rendered":"<p>Toucher du bout des yeux l'\u00e9clat de ta lumi\u00e8re, Et trouver les mots entre mes l\u00e8vres en fait Ne faire partie qu'un seul jour de ton univers, Et loin dans un songe j'ai su le faire en fait. Lass\u00e9e d'endurer la m\u00eame sc\u00e8ne En restant fig\u00e9e quand m\u00eame. Pourtant je n'ai rien \u00e0 perdre, Sauf peut \u00eatre un peu de toi dans mon sommeil Et le dernier doute que je [&hellip;]<\/p>\n","protected":false},"author":1,"featured_media":0,"parent":208,"menu_order":60,"comment_status":"closed","ping_status":"open","template":"","meta":{"footnotes":""},"class_list":["post-544","page","type-page","status-publish","hentry","clearfix"],"_links":{"self":[{"href":"http:\/\/www.sitaweb.nl\/index.php\/wp-json\/wp\/v2\/pages\/544","targetHints":{"allow":["GET"]}}],"collection":[{"href":"http:\/\/www.sitaweb.nl\/index.php\/wp-json\/wp\/v2\/pages"}],"about":[{"href":"http:\/\/www.sitaweb.nl\/index.php\/wp-json\/wp\/v2\/types\/page"}],"author":[{"embeddable":true,"href":"http:\/\/www.sitaweb.nl\/index.php\/wp-json\/wp\/v2\/users\/1"}],"replies":[{"embeddable":true,"href":"http:\/\/www.sitaweb.nl\/index.php\/wp-json\/wp\/v2\/comments?post=544"}],"version-history":[{"count":4,"href":"http:\/\/www.sitaweb.nl\/index.php\/wp-json\/wp\/v2\/pages\/544\/revisions"}],"predecessor-version":[{"id":2707,"href":"http:\/\/www.sitaweb.nl\/index.php\/wp-json\/wp\/v2\/pages\/544\/revisions\/2707"}],"up":[{"embeddable":true,"href":"http:\/\/www.sitaweb.nl\/index.php\/wp-json\/wp\/v2\/pages\/208"}],"wp:attachment":[{"href":"http:\/\/www.sitaweb.nl\/index.php\/wp-json\/wp\/v2\/media?parent=544"}],"curies":[{"name":"wp","href":"https:\/\/api.w.org\/{rel}","templated":true}]}}