{"id":542,"date":"2010-02-11T11:46:06","date_gmt":"2010-02-11T10:46:06","guid":{"rendered":"http:\/\/www.sitaweb.nl\/cms\/?page_id=542"},"modified":"2016-03-08T18:57:37","modified_gmt":"2016-03-08T17:57:37","slug":"si-on-court","status":"publish","type":"page","link":"http:\/\/www.sitaweb.nl\/index.php\/sita\/muziek\/albums\/lenvers-du-decor\/si-on-court\/","title":{"rendered":"Si On Court"},"content":{"rendered":"<div id=\"dslc-theme-content\"><div id=\"dslc-theme-content-inner\"><p>Fuir la lumi\u00e8re du jour<br \/>\nrester un peu sur le fil de la nuit<br \/>\nfuir ce soleil trop lourd<br \/>\nqui s'en ira pour nous laisser partir<br \/>\nce soir, on peut y aller, je crois<br \/>\nla lune n'est l\u00e0 que pour toi<\/p>\n<p>si on court, si on court<br \/>\nassez loin jusqu'au matin, HA-A, HA-A<br \/>\nsi on court, si on court<br \/>\nassez vite pour \u00e9chapper<br \/>\nau destin qui semblait tout trac\u00e9<\/p>\n<p>fuir les nouvelles du jour<br \/>\nun peu d'amour pour sauver le monde a mon tour<br \/>\nce soir, c'est comme un r\u00eave plus vrai<br \/>\nc'est le moment ou jamais<\/p>\n<p>si on court, si on court<br \/>\nassez loin jusqu'au matin<br \/>\nHA-A, HA-A<br \/>\nsi on court, si on court<br \/>\nassez vite pour nous trouver<br \/>\na la place dont on avait r\u00eav\u00e9e<\/p>\n<p>si on court, si on court<br \/>\nassez vite pour nous trouver<br \/>\na la place dont on avait r\u00eav\u00e9e<br \/>\nHA-A, HA-A<br \/>\ndont on avait r\u00eav\u00e9e<br \/>\ndont on avait r\u00eav\u00e9e<br \/>\nHA-A, HA-A<br \/>\nle moment ou jamais<\/p>\n<p>si on court, si on court<br \/>\nassez loin jusqu'au matin<br \/>\nHA-A, HA-A<br \/>\nsi on court, si on court<br \/>\nassez vite pour \u00e9chapper<br \/>\nau destin qui semblait tout trac\u00e9<\/p>\n<\/div><\/div>","protected":false},"excerpt":{"rendered":"<p>Fuir la lumi\u00e8re du jour rester un peu sur le fil de la nuit fuir ce soleil trop lourd qui s'en ira pour nous laisser partir ce soir, on peut y aller, je crois la lune n'est l\u00e0 que pour toi si on court, si on court assez loin jusqu'au matin, HA-A, HA-A si on court, si on court assez vite pour \u00e9chapper au destin qui semblait tout trac\u00e9 fuir [&hellip;]<\/p>\n","protected":false},"author":1,"featured_media":0,"parent":208,"menu_order":50,"comment_status":"closed","ping_status":"open","template":"","meta":{"footnotes":""},"class_list":["post-542","page","type-page","status-publish","hentry","clearfix"],"_links":{"self":[{"href":"http:\/\/www.sitaweb.nl\/index.php\/wp-json\/wp\/v2\/pages\/542","targetHints":{"allow":["GET"]}}],"collection":[{"href":"http:\/\/www.sitaweb.nl\/index.php\/wp-json\/wp\/v2\/pages"}],"about":[{"href":"http:\/\/www.sitaweb.nl\/index.php\/wp-json\/wp\/v2\/types\/page"}],"author":[{"embeddable":true,"href":"http:\/\/www.sitaweb.nl\/index.php\/wp-json\/wp\/v2\/users\/1"}],"replies":[{"embeddable":true,"href":"http:\/\/www.sitaweb.nl\/index.php\/wp-json\/wp\/v2\/comments?post=542"}],"version-history":[{"count":2,"href":"http:\/\/www.sitaweb.nl\/index.php\/wp-json\/wp\/v2\/pages\/542\/revisions"}],"predecessor-version":[{"id":3118,"href":"http:\/\/www.sitaweb.nl\/index.php\/wp-json\/wp\/v2\/pages\/542\/revisions\/3118"}],"up":[{"embeddable":true,"href":"http:\/\/www.sitaweb.nl\/index.php\/wp-json\/wp\/v2\/pages\/208"}],"wp:attachment":[{"href":"http:\/\/www.sitaweb.nl\/index.php\/wp-json\/wp\/v2\/media?parent=542"}],"curies":[{"name":"wp","href":"https:\/\/api.w.org\/{rel}","templated":true}]}}